{"id":29,"date":"2022-01-16T09:48:34","date_gmt":"2022-01-16T09:48:34","guid":{"rendered":"http:\/\/aquadeli.se\/index.php\/mesmerize\/"},"modified":"2022-12-10T12:43:39","modified_gmt":"2022-12-10T12:43:39","slug":"mesmerize","status":"publish","type":"page","link":"https:\/\/aquadeli.se\/","title":{"rendered":"Front Page"},"content":{"rendered":"<div  data-label=\"Om\" data-id=\"about--1\" data-export-id=\"about-1\" data-category=\"about\" class=\"about-1 content-section\" id=\"om\" style=\"background-color: rgb(245, 250, 253);\">\n<div  class=\"gridContainer\">\n<div  class=\"row text-center\">\n<div  class=\"section-title-col\" data-type=\"column\">\n<h5  class=\"\">Vad vi g\u00f6r<\/h5>\n<h2  class=\"\">KUNSKAP OCH INSPIRATION FR\u00c5N HAV OCH SJ\u00d6 TILL TALLRIK<\/h2>\n<p  class=\"lead\">Ilona Miglavs \u00e4r utbildad i Marin Biologi och Akvakultur vid Fiskeriuniversitetet i Troms\u00f6. <br >Idag arbetar hon som utbildningskoordinator f\u00f6r en av Sveriges st\u00f6rsta fiskgrossister med att utbilda Dagligvaruhandel och Stork\u00f6k i, allt fr\u00e5n h\u00e5llbart fiske och milj\u00f6certifiering, till r\u00e5vaukunskap, hantering, beredning och tillagning.<br >Genom att erbjuda frist\u00e5ende kurser och f\u00f6rel\u00e4sningar av olika karakt\u00e4rer finns det ocks\u00e5 chans f\u00f6r dig att ta del av hennes kunskaper. Allt specialanpassat till just dig.<br >Kontakta g\u00e4rna Ilona f\u00f6r en intressef\u00f6rfr\u00e5gan.<\/p>\n<\/div><\/div>\n<div  class=\"row\">\n<div  class=\"button-holder space-bottom space-bottom-small\" data-type=\"column\"> <a class=\"button blue\" href=\"#\" target=\"_self\" data-cp-link=\"1\" rel=\"noopener\">L\u00e4s mer<\/a><a class=\"button color1\" href=\"https:\/\/aquadeli.se\/#kontakt\" target=\"_self\" data-cp-link=\"1\" rel=\"noopener\">Kontakt<\/a><\/div>\n<div  class=\"col-xs bottom-xs flexbox image-group-bottom-3-img space-bottom-xs center-xs\"> <img  decoding=\"async\" class=\"left-img shadow-large-black\" data-size=\"500x300\" src=\"https:\/\/aquadeli.se\/wp-content\/uploads\/2022\/01\/cropped-jordgubbsgos-scaled-1.jpg\" title=\"cropped-jordgubbsgos-scaled-1.jpg\" alt=\"\"> <img  decoding=\"async\" class=\"center-img shadow-large-black\" data-size=\"500x300\" src=\"https:\/\/aquadeli.se\/wp-content\/uploads\/2022\/01\/cropped-cropped-Ilona.png\" title=\"cropped-cropped-Ilona.png\" alt=\"\"> <img  decoding=\"async\" class=\"right-img shadow-large-black\" data-size=\"500x300\" src=\"https:\/\/aquadeli.se\/wp-content\/uploads\/2022\/01\/cropped-cropped-IMG_20190301_132755-scaled-1.jpg\" title=\"cropped-cropped-IMG_20190301_132755-scaled-1.jpg\" alt=\"\"><\/div>\n<\/p><\/div>\n<\/div><\/div>\n<div  id=\"kurser\" style=\"background-color: rgb(255, 255, 255); background-image: none;\" data-label=\"Kurser\" data-id=\"features-16-card-bordered-mc\" data-export-id=\"features-16-card-bordered-mc\" data-bullets-visibility=\"true\" data-category=\"features\" class=\"features-16-card-bordered-mc content-section content-section-spacing\">\n<div  class=\"gridContainer\">\n<div  class=\"row text-center\">\n<div  class=\"section-title-col\" data-type=\"column\">\n<h5  class=\"\">V\u00e5ra kommande kurstillf\u00e4llen<\/h5>\n<h2  class=\"\">Nyfikenhet \u00e4r v\u00e4rldens framg\u00e5ng!<\/h2>\n<p  class=\"lead\">Ett utbildningstillf\u00e4lle kan vara s\u00e5 mycket mer \u00e4n f\u00f6rmedling av information. Det kan bli en upplevelse v\u00e4rd att minnas. Det \u00e4r v\u00e5r filosofi n\u00e4r det g\u00e4ller utbildning.<\/p>\n<\/div><\/div>\n<div  class=\"row spaced-cols\" data-type=\"row\">\n<div  class=\"col-xs-12 col-sm-6 col-md-4\">\n<div  class=\"card no-padding bordered y-move\"> <img  decoding=\"async\" class=\"face\" src=\"https:\/\/aquadeli.se\/wp-content\/uploads\/2022\/01\/cropped-IMG_20180211_104516-scaled-1.jpg\" title=\"cropped-IMG_20180211_104516-scaled-1.jpg\" alt=\"\"> <\/p>\n<div  data-type=\"column\" class=\"col-padding-small col-padding-small-xs description-container\">\n<h4  class=\"font-500\">KURS I MARITIM GASTRONOMI<\/h4>\n<p  class=\"\">Studief\u00f6rbundet Vuxenskolan, Lerum, har nu publicerat sitt program f\u00f6r v\u00e5rterminen och det finns plats kvar p\u00e5 kurs i Maritim Gastronomi i Torpskolans HK-sal, Lerum.<br >En kurs d\u00e4r du l\u00e4r dig laga fisk och skaldjur. Teori och praktik varvas och avslutas med tillagning av en m\u00e5ltid. Ledaren Ilona Miglavs \u00e4r marinbiolog och arbetar som utbildningskoordinator p\u00e5 en av Sveriges st\u00f6rsta fiskgrossister.<br >V\u00e4lkommen med din anm\u00e4lan p\u00e5 0302-158 58, www.sv.se\/lerum eller lerum@sv.se<br >Kursen startar 16 februari 2023 &amp; kurstr\u00e4ffarna sker p\u00e5 torsdagar och innefattar 5 tillf\u00e4llen.<\/p>\n<p>16 Februari \u2013 Introduktion till kursen med fokus p\u00e5 salt och innertemperatur betydelse f\u00f6r ett bra resultat. Tillagningsmetoder.<br >9 Mars \u2013&nbsp;Laxfiskar, olika arter, grava, sushi, sashimi, tillagningsmetoder<br >16 Mars \u2013 Vit rundfisk, utbytesfiskar<br >23 Mars- Platta fiskar<br >30 Mars \u2013 Skaldjur (denna g\u00e5ngen \u00e4r det avslutning och vi brukar jobba fr\u00e5n 17.30-21.30<\/p>\n<p>Kostnad 2995kr inkl samtliga r\u00e5varor.<\/p>\n<\/div>\n<div  data-type=\"column\" class=\"col-padding-small col-padding-small-xs read-more-container\"><a  class=\"read-more\">learn more<\/a><\/div>\n<\/p><\/div>\n<\/div>\n<div  class=\"col-xs-12 col-sm-6 col-md-4\">\n<div  class=\"card no-padding bordered y-move\"> <img  decoding=\"async\" class=\"face\" src=\"https:\/\/aquadeli.se\/wp-content\/uploads\/2022\/01\/Anvand-hela-torsken.png\" title=\"Anv\u00e4nd hela torsken\" alt=\"\"> <\/p>\n<div  data-type=\"column\" class=\"col-padding-small col-padding-small-xs description-container\">\n<h4  class=\"font-500\">TA VARA P\u00c5 HELA FISKEN!<\/h4>\n<p  class=\"\">V\u00e5ren \u00e4r tid f\u00f6r den stora torsken att komma in till Lofoten f\u00f6r att leka.<br >Vi best\u00e4ller hem en hel fisk och styckar ned den efter alla konstens regler och lagar till, allt fr\u00e5n stekt torsktunga, norska delikatessen m\u00f6lje och en h\u00e4rlig bit torskrygg. Allt med r\u00e4tt tillbeh\u00f6r.<br >Tid f\u00f6r den norska vandringstorsken, skreien, fr\u00e5n 1 jan-slutet av april.<br \/>\n<br >Antingen g\u00f6r vi detta hemma i ditt k\u00f6k med ett glatt s\u00e4llskap eller i annan tillg\u00e4nglig lokal.<br \/>\n<br >Kontakta oss f\u00f6r mer information.<\/p>\n<\/div>\n<div  data-type=\"column\" class=\"col-padding-small col-padding-small-xs read-more-container\"><a  class=\"read-more\">learn more<\/a><\/div>\n<\/p><\/div>\n<\/div>\n<div  class=\"col-xs-12 col-sm-6 col-md-4\">\n<div  class=\"card no-padding bordered y-move\"> <img  decoding=\"async\" class=\"face\" src=\"https:\/\/aquadeli.se\/wp-content\/uploads\/2022\/01\/cropped-IMG_20180306_195723-scaled-2.jpg\" title=\"cropped-IMG_20180306_195723-scaled-2.jpg\" alt=\"\"> <\/p>\n<div  data-type=\"column\" class=\"col-padding-small col-padding-small-xs description-container\">\n<h4  class=\"font-500\">OSTRON- FR\u00c5N NYHET TILL N\u00d6RD!<\/h4>\n<p  class=\"\">\n<div  class=\"\">Under en kv\u00e4ll f\u00e5r du en<\/div>\n<div  class=\"\">introduktion i ostronets v\u00e4rld, fr\u00e5n historia till<\/div>\n<div  class=\"\">nutid. Allt som kr\u00e4vs f\u00f6r att du skall bli en<\/div>\n<div  class=\"\">ostronnn\u00f6rd. Du f\u00e5r l\u00e4ra dig att \u00f6ppna ostron och l\u00e4ra k\u00e4nna b\u00e5de vanliga och ovanliga sorter som finns p\u00e5 marknaden. Vi provar ostron b\u00e5de \u201dau naturelle\u201d och ett par tillagade former med varierande tillbeh\u00f6r.<br \/>\n<br >Vi pratar \u201dmerroir\u201d, smaker fr\u00e5n havet, tillbeh\u00f6r, tillagning och hantering.<\/p>\n<p>Kontakta oss f\u00f6r mer information.<\/p><\/div>\n<\/div>\n<div  data-type=\"column\" class=\"col-padding-small col-padding-small-xs read-more-container\"><a  class=\"read-more\">learn more<\/a><\/div>\n<\/p><\/div>\n<\/div><\/div>\n<\/div><\/div>\n<div  id=\"portfolio-1\" data-label=\"Portfolio\" data-id=\"portfolio-5-mc\" data-export-id=\"portfolio-5-mc\" data-bullets-visibility=\"true\" data-category=\"portfolio\" class=\"portfolio-5-mc content-section content-section-spacing section-title-col-white-text bg-color1\">\n<div  class=\"gridContainer\">\n<div  class=\"row text-center\">\n<div  class=\"section-title-col\" data-type=\"column\">\n<h5  class=\"\">N\u00e5got av vad Ilona Miglavs gjort den senaste tiden<\/h5>\n<h2  class=\"\">\n<br >En bred kunskapsbas ger inspiration till m\u00e5nga<\/h2>\n<p  class=\"lead\">H\u00e4r finner du kort information om utvalda projekt som Ilona Miglavs deltagit i.<\/p>\n<\/div><\/div>\n<div  class=\"row space-bottom spaced-cols\" data-type=\"row\">\n<div  class=\"col-xs-12 col-sm-4 text-center\">\n<div  class=\"card no-padding bordered\">\n<div  data-hover-fx=\"portfolio-6\" class=\"contentswap-effect contentswap-overlay\" style=\"float: none; margin: 0; width: 100%;\">\n<div  class=\"initial-image\" style=\"float: none; margin: 0;\"> <img  decoding=\"async\" data-size=\"500x333\" src=\"https:\/\/aquadeli.se\/wp-content\/uploads\/2022\/01\/cropped-IMG_20180220_140315-scaled-1.jpg\"><\/div>\n<div  class=\"overlay bg-color6\" style=\"display: block; transition: opacity 800ms ease 0s; -webkit-transition-timing-function: ease; -moz-transition-timing-function: ease; -o-transition-timing-function: ease; transition-timing-function: ease;\"><\/div>\n<div  class=\"swap-inner col-xs-12\" style=\"display: block; transition: all 800ms ease 0s; background-color: rgba(0,0,0,0); margin-top: 0;\">\n<div  class=\"row full-height-row middle-xs middle-sm\">\n<div  class=\"col-xs-12 text-center content-holder\"> <a class=\"button small color2\" href=\"#\" target=\"_self\" data-cp-link=\"1\" rel=\"noopener\">View case study<\/a><\/div>\n<\/p><\/div>\n<\/div><\/div>\n<div  class=\"col-xs-12\">\n<div  class=\"space-bottom space-top\" data-type=\"column\">\n<h5  class=\"\">Artbest\u00e4mningskurs<\/h5>\n<p  class=\"small italic\">Fiskeribiologi och artbest\u00e4mningskurs, Kustvevakningen, Karlskrona<\/p>\n<\/div><\/div>\n<\/div><\/div>\n<div  class=\"col-xs-12 col-sm-4 text-center\">\n<div  class=\"card no-padding bordered\">\n<div  data-hover-fx=\"portfolio-6\" class=\"contentswap-effect contentswap-overlay\" style=\"float: none; margin: 0; width: 100%;\">\n<div  class=\"initial-image\" style=\"float: none; margin: 0;\"> <img  decoding=\"async\" data-size=\"500x333\" src=\"https:\/\/aquadeli.se\/wp-content\/uploads\/2022\/01\/cropped-IMG_20181114_133711-scaled-1.jpg\"><\/div>\n<div  class=\"overlay bg-color6\" style=\"display: block; transition: opacity 800ms ease 0s; -webkit-transition-timing-function: ease; -moz-transition-timing-function: ease; -o-transition-timing-function: ease; transition-timing-function: ease;\"><\/div>\n<div  class=\"swap-inner col-xs-12\" style=\"display: block; transition: all 800ms ease 0s; background-color: rgba(0,0,0,0); margin-top: 0;\">\n<div  class=\"row full-height-row middle-xs middle-sm\">\n<div  class=\"col-xs-12 text-center content-holder\"> <a class=\"button small color2\" href=\"#\" target=\"_self\" data-cp-link=\"1\" rel=\"noopener\">View case study<\/a><\/div>\n<\/p><\/div>\n<\/div><\/div>\n<div  class=\"col-xs-12\">\n<div  class=\"space-bottom space-top\" data-type=\"column\">\n<h5  class=\"\">Hush\u00e5llningss\u00e4llskapet, Gotland<\/h5>\n<p  class=\"small italic\">Sammanst\u00e4llning av \u201dAnalyser av&nbsp; dioxin, PCB och kvicksilver i Gotl\u00e4ndsk fisk 2019-2020\u201d<\/p>\n<\/div><\/div>\n<\/div><\/div>\n<div  class=\"col-xs-12 col-sm-4 text-center\">\n<div  class=\"card no-padding bordered\">\n<div  data-hover-fx=\"portfolio-6\" class=\"contentswap-effect contentswap-overlay\" style=\"float: none; margin: 0; width: 100%;\">\n<div  class=\"initial-image\" style=\"float: none; margin: 0;\"> <img  decoding=\"async\" data-size=\"500x333\" src=\"https:\/\/aquadeli.se\/wp-content\/uploads\/2022\/01\/cropped-IMG_20190301_132755-scaled-1.jpg\"><\/div>\n<div  class=\"overlay bg-color6\" style=\"display: block; transition: opacity 800ms ease 0s; -webkit-transition-timing-function: ease; -moz-transition-timing-function: ease; -o-transition-timing-function: ease; transition-timing-function: ease;\"><\/div>\n<div  class=\"swap-inner col-xs-12\" style=\"display: block; transition: all 800ms ease 0s; background-color: rgba(0,0,0,0); margin-top: 0;\">\n<div  class=\"row full-height-row middle-xs middle-sm\">\n<div  class=\"col-xs-12 text-center content-holder\"> <a class=\"button small color2\" href=\"#\" target=\"_self\" data-cp-link=\"1\" rel=\"noopener\">View case study<\/a><\/div>\n<\/p><\/div>\n<\/div><\/div>\n<div  class=\"col-xs-12\">\n<div  class=\"space-bottom space-top\" data-type=\"column\">\n<h5  class=\"\">Passion f\u00f6r mat 2019<\/h5>\n<p  class=\"small italic\">Fiskutbildning f\u00f6r bes\u00f6karna p\u00e5 Passion f\u00f6r Mat, Eriksbergshallen, G\u00f6teborg<\/p>\n<\/div><\/div>\n<\/div><\/div>\n<\/div>\n<div  class=\"row\">\n<div  data-type=\"column\" class=\"col-xs-12 text-center\"> <a  class=\"button color2 y-move\" href=\"#\">View Portfolio<\/a><\/div>\n<\/p><\/div>\n<\/div><\/div>\n<div  id=\"kontakt\" style=\"background-color: rgb(255, 255, 255); background-image: url(&quot;https:\/\/aquadeli.se\/wp-content\/uploads\/2022\/01\/Fish-in-ocean-scaled.jpg&quot;); background-size: cover; background-position: center top;\" data-label=\"Kontakt\" data-id=\"contact-1-mc\" data-export-id=\"contact-1-mc\" data-bullets-visibility=\"true\" data-category=\"contact\" class=\"contact-1-mc content-section content-section-spacing white-text\" data-parallax-depth=\"20\">\n<div  class=\"gridContainer\">\n<div  class=\"row text-center\">\n<div  class=\"section-title-col\" data-type=\"column\">\n<h2  class=\"\">Kontakta oss<\/h2>\n<p  class=\"lead\">Om ni har fr\u00e5gor g\u00e4llande kurser, utbildningar eller n\u00e5got annat, f\u00e5r ni g\u00e4rna h\u00f6ra av er till oss!<\/p>\n<\/div><\/div>\n<div  class=\"row text-center\">\n<div  class=\"col-xs-12 col-sm-8 col-sm-offset-2 contact-form-wrapper inline-info\">\n<div  class=\"card large-padding\">\n<div  class=\"\" data-content-shortcode=\"mesmerize_contact_form shortcode=&quot;wpforms id=&amp;amp;quot;183&amp;amp;quot; title=&amp;amp;quot;false&amp;amp;quot;&quot;\" data-editable=\"true\">[mesmerize_contact_form shortcode=&#8221;wpforms id=&amp;quot;183&amp;quot; title=&amp;quot;false&amp;quot;&#8221;]<\/div>\n<\/div><\/div>\n<\/div><\/div>\n<\/div>\n","protected":false},"excerpt":{"rendered":"<p>Vad vi g\u00f6r KUNSKAP OCH INSPIRATION FR\u00c5N HAV OCH SJ\u00d6 TILL TALLRIK Ilona Miglavs \u00e4r utbildad i Marin Biologi och Akvakultur vid Fiskeriuniversitetet i Troms\u00f6. Idag arbetar hon som utbildningskoordinator f\u00f6r en av Sveriges st\u00f6rsta fiskgrossister med att utbilda Dagligvaruhandel och Stork\u00f6k i, allt fr\u00e5n h\u00e5llbart fiske och milj\u00f6certifiering, till r\u00e5vaukunskap, hantering, beredning och tillagning.Genom&hellip; <br \/> <a class=\"read-more\" href=\"https:\/\/aquadeli.se\/\">L\u00e4s mer<\/a><\/p>\n","protected":false},"author":1,"featured_media":0,"parent":0,"menu_order":0,"comment_status":"closed","ping_status":"closed","template":"page-templates\/homepage.php","meta":{"wprm-recipe-roundup-name":"","wprm-recipe-roundup-description":"","footnotes":""},"class_list":["post-29","page","type-page","status-publish","hentry"],"_links":{"self":[{"href":"https:\/\/aquadeli.se\/index.php\/wp-json\/wp\/v2\/pages\/29","targetHints":{"allow":["GET"]}}],"collection":[{"href":"https:\/\/aquadeli.se\/index.php\/wp-json\/wp\/v2\/pages"}],"about":[{"href":"https:\/\/aquadeli.se\/index.php\/wp-json\/wp\/v2\/types\/page"}],"author":[{"embeddable":true,"href":"https:\/\/aquadeli.se\/index.php\/wp-json\/wp\/v2\/users\/1"}],"replies":[{"embeddable":true,"href":"https:\/\/aquadeli.se\/index.php\/wp-json\/wp\/v2\/comments?post=29"}],"version-history":[{"count":45,"href":"https:\/\/aquadeli.se\/index.php\/wp-json\/wp\/v2\/pages\/29\/revisions"}],"predecessor-version":[{"id":437,"href":"https:\/\/aquadeli.se\/index.php\/wp-json\/wp\/v2\/pages\/29\/revisions\/437"}],"wp:attachment":[{"href":"https:\/\/aquadeli.se\/index.php\/wp-json\/wp\/v2\/media?parent=29"}],"curies":[{"name":"wp","href":"https:\/\/api.w.org\/{rel}","templated":true}]}}